{"id":5479,"date":"2023-06-14T17:09:18","date_gmt":"2023-06-14T17:09:18","guid":{"rendered":"https:\/\/palmer-consulting.com\/terms-of-use\/"},"modified":"2026-04-15T15:17:08","modified_gmt":"2026-04-15T15:17:08","slug":"terms-of-use","status":"publish","type":"page","link":"https:\/\/palmer-consulting.com\/en\/terms-of-use\/","title":{"rendered":"Terms of use"},"content":{"rendered":"\t\t<div data-elementor-type=\"wp-page\" data-elementor-id=\"5479\" class=\"elementor elementor-5479 elementor-3\" data-elementor-post-type=\"page\">\n\t\t\t\t<div class=\"elementor-element elementor-element-b7e3979 e-flex e-con-boxed e-con e-parent\" data-id=\"b7e3979\" data-element_type=\"container\" data-e-type=\"container\" data-settings=\"{&quot;background_background&quot;:&quot;classic&quot;}\">\n\t\t\t\t\t<div class=\"e-con-inner\">\n\t\t\t\t<div class=\"elementor-element elementor-element-1e75016 elementor-widget__width-initial elementor-widget-mobile__width-inherit elementor-widget elementor-widget-heading\" data-id=\"1e75016\" data-element_type=\"widget\" data-e-type=\"widget\" data-widget_type=\"heading.default\">\n\t\t\t\t\t<h1 class=\"elementor-heading-title elementor-size-default\">Terms of use<\/h1>\t\t\t\t<\/div>\n\t\t\t\t<div class=\"elementor-element elementor-element-f15c59d elementor-widget__width-initial elementor-widget-mobile__width-inherit elementor-widget elementor-widget-image\" data-id=\"f15c59d\" data-element_type=\"widget\" data-e-type=\"widget\" data-widget_type=\"image.default\">\n\t\t\t\t\t\t\t\t\t\t\t\t\t\t\t<img fetchpriority=\"high\" decoding=\"async\" width=\"800\" height=\"613\" src=\"https:\/\/palmer-consulting.com\/wp-content\/uploads\/2023\/07\/404-header-hero-1024x785.jpg\" class=\"attachment-large size-large wp-image-5431\" alt=\"\" srcset=\"https:\/\/palmer-consulting.com\/wp-content\/uploads\/2023\/07\/404-header-hero-1024x785.jpg 1024w, https:\/\/palmer-consulting.com\/wp-content\/uploads\/2023\/07\/404-header-hero-300x230.jpg 300w, https:\/\/palmer-consulting.com\/wp-content\/uploads\/2023\/07\/404-header-hero-768x589.jpg 768w, https:\/\/palmer-consulting.com\/wp-content\/uploads\/2023\/07\/404-header-hero.jpg 1038w\" sizes=\"(max-width: 800px) 100vw, 800px\" \/>\t\t\t\t\t\t\t\t\t\t\t\t\t\t\t<\/div>\n\t\t\t\t\t<\/div>\n\t\t\t\t<\/div>\n\t\t<div class=\"elementor-element elementor-element-482fc73d e-flex e-con-boxed e-con e-parent\" data-id=\"482fc73d\" data-element_type=\"container\" data-e-type=\"container\">\n\t\t\t\t\t<div class=\"e-con-inner\">\n\t\t\t\t<div class=\"elementor-element elementor-element-5009efc9 elementor-widget elementor-widget-text-editor\" data-id=\"5009efc9\" data-element_type=\"widget\" data-e-type=\"widget\" data-widget_type=\"text-editor.default\">\n\t\t\t\t\t\t\t\t\t<p>In accordance with the provisions of Article 6 III-1 of Law No. 2004-575 of June 21, 2004 for confidence in the digital economy, we inform you that :<\/p><ul><li>Le pr\u00e9sent site est la propri\u00e9t\u00e9 de Palmer Consulting, soci\u00e9t\u00e9 par actions simplifi\u00e9e au capital de 300 000 euros, immatricul\u00e9e au registre du commerce et des soci\u00e9t\u00e9s de Paris sous le num\u00e9ro 799 885 173, dont le si\u00e8ge est situ\u00e9 au 23-25 Rue Delarivi\u00e8re Lefoullon, 92800 Puteaux, France (e\u2011mail : contact@palmer-consulting.com, t\u00e9l\u00e9phone : +33 1 42 93 94 63) ;<\/li><li>The website&#8217;s publication director is Fran\u00e7ois PASCALE in his capacity as Chairman;<\/li><li>The site is hosted by OVH: <span class=\"s1\">2 rue Kellermann &#8211; 59100 Roubaix &#8211; France (telephone: 08 203 203 63)<\/span>.<\/li><\/ul><p>This statement (the &#8220;Policy&#8221;) describes Palmer Consulting&#8217;s privacy policy. By using the Web site, you agree to this Policy. <\/p><h2>Information collected<\/h2><p>Palmer Consulting may ask you to provide personally identifiable and other information on the Contact and Apply (from the Contact Us tab) pages of the website. Depending on the information or services you request, you may be asked to provide your name, e-mail address and other information. In addition to the information you voluntarily provide, Palmer Consulting may collect location or browsing information from Google Analytics for usage statistics and to establish browsing histories. Palmer Consulting uses this data to conduct its business, promote its services and administer its Web site more efficiently.<br>Palmer Consulting does not collect any personally identifiable information from you as you conduct your online activities over time.   <\/p><h2>Information gathering methods<\/h2><p>In addition to the methods described above, we and our service providers collect information using cookies. These methods allow us to collect various types of information, including the pages you visit. We and our service providers use this information to monitor and improve our Web sites.  <\/p><h2>Protection of information<\/h2><p>Palmer Consulting strives to protect your personal information from loss, misuse and unauthorized alteration. Palmer Consulting has implemented reasonably effective administrative, technical and physical safeguards to protect your personal information. <\/p><h2>Verifying or updating personal information<\/h2><p>To ensure that you have as much control as possible over the personally identifiable and other information you provide, you may, in accordance with the General Data Protection Regulation (GDPR), make a request to contact@palmer-consulting.com. We will process any changes you request within a reasonable period of time. However, requests to delete information are subject to Palmer Consulting&#8217;s internal disclosure and retention policies and any applicable obligations under the law.  <\/p><h2>Intellectual property clause and limitation of liability<\/h2><p>Analyses, tables, comparative studies and benchmarks produced by PALMER CONSULTING are protected intellectual works and remain the exclusive property of PALMER CONSULTING. These elements are based on the methodologies, expertise and professional appreciation of our consultants and, by their very nature, include an element of subjective analysis and interpretation. As such, they are provided for information and strategic purposes only, and PALMER CONSULTING cannot be held responsible for them, nor can they be contested, attacked or called into question in either form or content.  <\/p><h2>Messaging<\/h2><p>The e-mail addresses and personal data collected in the contact forms are processed electronically in order to respond to the request. They are not stored. <\/p><h2>Copyright<\/h2><p>Photo credits: supramega<\/p><p>Web design service provider: supramega<\/p><p>Contact us to find out more:<\/p>\t\t\t\t\t\t\t\t<\/div>\n\t\t\t\t\t<\/div>\n\t\t\t\t<\/div>\n\t\t\t\t<\/div>\n\t\t","protected":false},"excerpt":{"rendered":"<p>In accordance with the provisions of Article 6 III-1 of Law No. 2004-575 of June 21, 2004 for confidence in the digital economy, we inform you that : Le pr\u00e9sent site est la propri\u00e9t\u00e9 de Palmer Consulting, soci\u00e9t\u00e9 par actions simplifi\u00e9e au capital de 300 000 euros, immatricul\u00e9e au registre du commerce et des soci\u00e9t\u00e9s [&hellip;]<\/p>\n","protected":false},"author":1,"featured_media":0,"parent":0,"menu_order":0,"comment_status":"closed","ping_status":"open","template":"","meta":{"_acf_changed":false,"footnotes":""},"class_list":["post-5479","page","type-page","status-publish","hentry"],"acf":[],"yoast_head":"<!-- This site is optimized with the Yoast SEO plugin v27.3 - https:\/\/yoast.com\/product\/yoast-seo-wordpress\/ -->\n<title>Legal information PALMER management and organization<\/title>\n<meta name=\"description\" content=\"Legal information PALMER management and organization consulting firm specializing in the transformation of large companies\" \/>\n<meta name=\"robots\" content=\"index, follow, max-snippet:-1, max-image-preview:large, max-video-preview:-1\" \/>\n<link rel=\"canonical\" href=\"https:\/\/palmer-consulting.com\/en\/terms-of-use\/\" \/>\n<meta property=\"og:locale\" content=\"en_US\" \/>\n<meta property=\"og:type\" content=\"article\" \/>\n<meta property=\"og:title\" content=\"Legal information PALMER management and organization\" \/>\n<meta property=\"og:description\" content=\"Legal information PALMER management and organization consulting firm specializing in the transformation of large companies\" \/>\n<meta property=\"og:url\" content=\"https:\/\/palmer-consulting.com\/en\/terms-of-use\/\" \/>\n<meta property=\"og:site_name\" content=\"Palmer\" \/>\n<meta property=\"article:modified_time\" content=\"2026-04-15T15:17:08+00:00\" \/>\n<meta property=\"og:image\" content=\"https:\/\/palmer-consulting.com\/wp-content\/uploads\/2023\/07\/404-header-hero.jpg\" \/>\n\t<meta property=\"og:image:width\" content=\"1038\" \/>\n\t<meta property=\"og:image:height\" content=\"796\" \/>\n\t<meta property=\"og:image:type\" content=\"image\/jpeg\" \/>\n<meta name=\"twitter:card\" content=\"summary_large_image\" \/>\n<meta name=\"twitter:label1\" content=\"Est. reading time\" \/>\n\t<meta name=\"twitter:data1\" content=\"3 minutes\" \/>\n<script type=\"application\/ld+json\" class=\"yoast-schema-graph\">{\"@context\":\"https:\\\/\\\/schema.org\",\"@graph\":[{\"@type\":\"WebPage\",\"@id\":\"https:\\\/\\\/palmer-consulting.com\\\/en\\\/terms-of-use\\\/\",\"url\":\"https:\\\/\\\/palmer-consulting.com\\\/en\\\/terms-of-use\\\/\",\"name\":\"Legal information PALMER management and organization\",\"isPartOf\":{\"@id\":\"https:\\\/\\\/palmer-consulting.com\\\/en\\\/#website\"},\"primaryImageOfPage\":{\"@id\":\"https:\\\/\\\/palmer-consulting.com\\\/en\\\/terms-of-use\\\/#primaryimage\"},\"image\":{\"@id\":\"https:\\\/\\\/palmer-consulting.com\\\/en\\\/terms-of-use\\\/#primaryimage\"},\"thumbnailUrl\":\"https:\\\/\\\/palmer-consulting.com\\\/wp-content\\\/uploads\\\/2023\\\/07\\\/404-header-hero-1024x785.jpg\",\"datePublished\":\"2023-06-14T17:09:18+00:00\",\"dateModified\":\"2026-04-15T15:17:08+00:00\",\"description\":\"Legal information PALMER management and organization consulting firm specializing in the transformation of large companies\",\"breadcrumb\":{\"@id\":\"https:\\\/\\\/palmer-consulting.com\\\/en\\\/terms-of-use\\\/#breadcrumb\"},\"inLanguage\":\"en-US\",\"potentialAction\":[{\"@type\":\"ReadAction\",\"target\":[\"https:\\\/\\\/palmer-consulting.com\\\/en\\\/terms-of-use\\\/\"]}]},{\"@type\":\"ImageObject\",\"inLanguage\":\"en-US\",\"@id\":\"https:\\\/\\\/palmer-consulting.com\\\/en\\\/terms-of-use\\\/#primaryimage\",\"url\":\"https:\\\/\\\/palmer-consulting.com\\\/wp-content\\\/uploads\\\/2023\\\/07\\\/404-header-hero-1024x785.jpg\",\"contentUrl\":\"https:\\\/\\\/palmer-consulting.com\\\/wp-content\\\/uploads\\\/2023\\\/07\\\/404-header-hero-1024x785.jpg\"},{\"@type\":\"BreadcrumbList\",\"@id\":\"https:\\\/\\\/palmer-consulting.com\\\/en\\\/terms-of-use\\\/#breadcrumb\",\"itemListElement\":[{\"@type\":\"ListItem\",\"position\":1,\"name\":\"Home\",\"item\":\"https:\\\/\\\/palmer-consulting.com\\\/en\\\/home\\\/\"},{\"@type\":\"ListItem\",\"position\":2,\"name\":\"Terms of use\"}]},{\"@type\":\"WebSite\",\"@id\":\"https:\\\/\\\/palmer-consulting.com\\\/en\\\/#website\",\"url\":\"https:\\\/\\\/palmer-consulting.com\\\/en\\\/\",\"name\":\"Palmer\",\"description\":\"Evolve at the speed of change\",\"publisher\":{\"@id\":\"https:\\\/\\\/palmer-consulting.com\\\/en\\\/#organization\"},\"potentialAction\":[{\"@type\":\"SearchAction\",\"target\":{\"@type\":\"EntryPoint\",\"urlTemplate\":\"https:\\\/\\\/palmer-consulting.com\\\/en\\\/?s={search_term_string}\"},\"query-input\":{\"@type\":\"PropertyValueSpecification\",\"valueRequired\":true,\"valueName\":\"search_term_string\"}}],\"inLanguage\":\"en-US\"},{\"@type\":\"Organization\",\"@id\":\"https:\\\/\\\/palmer-consulting.com\\\/en\\\/#organization\",\"name\":\"Palmer\",\"url\":\"https:\\\/\\\/palmer-consulting.com\\\/en\\\/\",\"logo\":{\"@type\":\"ImageObject\",\"inLanguage\":\"en-US\",\"@id\":\"https:\\\/\\\/palmer-consulting.com\\\/en\\\/#\\\/schema\\\/logo\\\/image\\\/\",\"url\":\"https:\\\/\\\/palmer-consulting.com\\\/wp-content\\\/uploads\\\/2023\\\/08\\\/Palmer_Logo_Full_PenBlue_1x1-2.jpg\",\"contentUrl\":\"https:\\\/\\\/palmer-consulting.com\\\/wp-content\\\/uploads\\\/2023\\\/08\\\/Palmer_Logo_Full_PenBlue_1x1-2.jpg\",\"width\":480,\"height\":480,\"caption\":\"Palmer\"},\"image\":{\"@id\":\"https:\\\/\\\/palmer-consulting.com\\\/en\\\/#\\\/schema\\\/logo\\\/image\\\/\"},\"sameAs\":[\"https:\\\/\\\/www.linkedin.com\\\/company\\\/palmer-consulting\\\/\"]}]}<\/script>\n<!-- \/ Yoast SEO plugin. -->","yoast_head_json":{"title":"Legal information PALMER management and organization","description":"Legal information PALMER management and organization consulting firm specializing in the transformation of large companies","robots":{"index":"index","follow":"follow","max-snippet":"max-snippet:-1","max-image-preview":"max-image-preview:large","max-video-preview":"max-video-preview:-1"},"canonical":"https:\/\/palmer-consulting.com\/en\/terms-of-use\/","og_locale":"en_US","og_type":"article","og_title":"Legal information PALMER management and organization","og_description":"Legal information PALMER management and organization consulting firm specializing in the transformation of large companies","og_url":"https:\/\/palmer-consulting.com\/en\/terms-of-use\/","og_site_name":"Palmer","article_modified_time":"2026-04-15T15:17:08+00:00","og_image":[{"width":1038,"height":796,"url":"https:\/\/palmer-consulting.com\/wp-content\/uploads\/2023\/07\/404-header-hero.jpg","type":"image\/jpeg"}],"twitter_card":"summary_large_image","twitter_misc":{"Est. reading time":"3 minutes"},"schema":{"@context":"https:\/\/schema.org","@graph":[{"@type":"WebPage","@id":"https:\/\/palmer-consulting.com\/en\/terms-of-use\/","url":"https:\/\/palmer-consulting.com\/en\/terms-of-use\/","name":"Legal information PALMER management and organization","isPartOf":{"@id":"https:\/\/palmer-consulting.com\/en\/#website"},"primaryImageOfPage":{"@id":"https:\/\/palmer-consulting.com\/en\/terms-of-use\/#primaryimage"},"image":{"@id":"https:\/\/palmer-consulting.com\/en\/terms-of-use\/#primaryimage"},"thumbnailUrl":"https:\/\/palmer-consulting.com\/wp-content\/uploads\/2023\/07\/404-header-hero-1024x785.jpg","datePublished":"2023-06-14T17:09:18+00:00","dateModified":"2026-04-15T15:17:08+00:00","description":"Legal information PALMER management and organization consulting firm specializing in the transformation of large companies","breadcrumb":{"@id":"https:\/\/palmer-consulting.com\/en\/terms-of-use\/#breadcrumb"},"inLanguage":"en-US","potentialAction":[{"@type":"ReadAction","target":["https:\/\/palmer-consulting.com\/en\/terms-of-use\/"]}]},{"@type":"ImageObject","inLanguage":"en-US","@id":"https:\/\/palmer-consulting.com\/en\/terms-of-use\/#primaryimage","url":"https:\/\/palmer-consulting.com\/wp-content\/uploads\/2023\/07\/404-header-hero-1024x785.jpg","contentUrl":"https:\/\/palmer-consulting.com\/wp-content\/uploads\/2023\/07\/404-header-hero-1024x785.jpg"},{"@type":"BreadcrumbList","@id":"https:\/\/palmer-consulting.com\/en\/terms-of-use\/#breadcrumb","itemListElement":[{"@type":"ListItem","position":1,"name":"Home","item":"https:\/\/palmer-consulting.com\/en\/home\/"},{"@type":"ListItem","position":2,"name":"Terms of use"}]},{"@type":"WebSite","@id":"https:\/\/palmer-consulting.com\/en\/#website","url":"https:\/\/palmer-consulting.com\/en\/","name":"Palmer","description":"Evolve at the speed of change","publisher":{"@id":"https:\/\/palmer-consulting.com\/en\/#organization"},"potentialAction":[{"@type":"SearchAction","target":{"@type":"EntryPoint","urlTemplate":"https:\/\/palmer-consulting.com\/en\/?s={search_term_string}"},"query-input":{"@type":"PropertyValueSpecification","valueRequired":true,"valueName":"search_term_string"}}],"inLanguage":"en-US"},{"@type":"Organization","@id":"https:\/\/palmer-consulting.com\/en\/#organization","name":"Palmer","url":"https:\/\/palmer-consulting.com\/en\/","logo":{"@type":"ImageObject","inLanguage":"en-US","@id":"https:\/\/palmer-consulting.com\/en\/#\/schema\/logo\/image\/","url":"https:\/\/palmer-consulting.com\/wp-content\/uploads\/2023\/08\/Palmer_Logo_Full_PenBlue_1x1-2.jpg","contentUrl":"https:\/\/palmer-consulting.com\/wp-content\/uploads\/2023\/08\/Palmer_Logo_Full_PenBlue_1x1-2.jpg","width":480,"height":480,"caption":"Palmer"},"image":{"@id":"https:\/\/palmer-consulting.com\/en\/#\/schema\/logo\/image\/"},"sameAs":["https:\/\/www.linkedin.com\/company\/palmer-consulting\/"]}]}},"_links":{"self":[{"href":"https:\/\/palmer-consulting.com\/en\/wp-json\/wp\/v2\/pages\/5479","targetHints":{"allow":["GET"]}}],"collection":[{"href":"https:\/\/palmer-consulting.com\/en\/wp-json\/wp\/v2\/pages"}],"about":[{"href":"https:\/\/palmer-consulting.com\/en\/wp-json\/wp\/v2\/types\/page"}],"author":[{"embeddable":true,"href":"https:\/\/palmer-consulting.com\/en\/wp-json\/wp\/v2\/users\/1"}],"replies":[{"embeddable":true,"href":"https:\/\/palmer-consulting.com\/en\/wp-json\/wp\/v2\/comments?post=5479"}],"version-history":[{"count":0,"href":"https:\/\/palmer-consulting.com\/en\/wp-json\/wp\/v2\/pages\/5479\/revisions"}],"wp:attachment":[{"href":"https:\/\/palmer-consulting.com\/en\/wp-json\/wp\/v2\/media?parent=5479"}],"curies":[{"name":"wp","href":"https:\/\/api.w.org\/{rel}","templated":true}]}}